{"id":99,"date":"2024-10-17T00:11:21","date_gmt":"2024-10-17T00:11:21","guid":{"rendered":"https:\/\/instrumentaconsult.com.br\/?page_id=99"},"modified":"2024-10-17T02:11:15","modified_gmt":"2024-10-17T02:11:15","slug":"home","status":"publish","type":"page","link":"https:\/\/instrumentaconsult.com.br\/","title":{"rendered":"Home"},"content":{"rendered":"\t\t<div data-elementor-type=\"wp-page\" data-elementor-id=\"99\" class=\"elementor elementor-99\">\n\t\t\t\t<div class=\"elementor-element elementor-element-fafeeae e-con-full e-flex wpr-particle-no wpr-jarallax-no wpr-parallax-no wpr-sticky-section-no e-con e-parent\" data-id=\"fafeeae\" data-element_type=\"container\" data-settings=\"{&quot;background_background&quot;:&quot;classic&quot;,&quot;_ha_eqh_enable&quot;:false}\">\n\t\t\t\t<div class=\"elementor-element elementor-element-3d00cbe elementor-widget elementor-widget-text-editor\" data-id=\"3d00cbe\" data-element_type=\"widget\" data-widget_type=\"text-editor.default\">\n\t\t\t\t<div class=\"elementor-widget-container\">\n\t\t\t\t\t\t\t<p><span style=\"white-space-collapse: preserve;\">Uma empresa fundada em 2023, focada em atender o exigente mercado de<\/span><\/p>\t\t\t\t\t\t<\/div>\n\t\t\t\t<\/div>\n\t\t\t\t<div class=\"elementor-element elementor-element-412a010 elementor-widget elementor-widget-heading\" data-id=\"412a010\" data-element_type=\"widget\" data-widget_type=\"heading.default\">\n\t\t\t\t<div class=\"elementor-widget-container\">\n\t\t\t<h2 class=\"elementor-heading-title elementor-size-default\">Instrumenta\u00e7\u00e3o\n<\/br>Anal\u00edtica<\/h2>\t\t<\/div>\n\t\t\t\t<\/div>\n\t\t\t\t<div class=\"elementor-element elementor-element-9cb4c3c elementor-widget elementor-widget-text-editor\" data-id=\"9cb4c3c\" data-element_type=\"widget\" data-widget_type=\"text-editor.default\">\n\t\t\t\t<div class=\"elementor-widget-container\">\n\t\t\t\t\t\t\t<p><span style=\"white-space-collapse: preserve;\">desde o projeto uma nova planta, fornecimento de equipamentos e consum\u00edveis de laborat\u00f3rio.<\/span><\/p>\t\t\t\t\t\t<\/div>\n\t\t\t\t<\/div>\n\t\t\t\t<div class=\"elementor-element elementor-element-033649b elementor-widget elementor-widget-button\" data-id=\"033649b\" data-element_type=\"widget\" data-widget_type=\"button.default\">\n\t\t\t\t<div class=\"elementor-widget-container\">\n\t\t\t\t\t<div class=\"elementor-button-wrapper\">\n\t\t\t<a class=\"elementor-button elementor-button-link elementor-size-sm\" href=\"#\">\n\t\t\t\t\t\t<span class=\"elementor-button-content-wrapper\">\n\t\t\t\t\t\t<span class=\"elementor-button-icon\">\n\t\t\t\t<svg aria-hidden=\"true\" class=\"e-font-icon-svg e-fas-arrow-right\" viewBox=\"0 0 448 512\" xmlns=\"http:\/\/www.w3.org\/2000\/svg\"><path d=\"M190.5 66.9l22.2-22.2c9.4-9.4 24.6-9.4 33.9 0L441 239c9.4 9.4 9.4 24.6 0 33.9L246.6 467.3c-9.4 9.4-24.6 9.4-33.9 0l-22.2-22.2c-9.5-9.5-9.3-25 .4-34.3L311.4 296H24c-13.3 0-24-10.7-24-24v-32c0-13.3 10.7-24 24-24h287.4L190.9 101.2c-9.8-9.3-10-24.8-.4-34.3z\"><\/path><\/svg>\t\t\t<\/span>\n\t\t\t\t\t\t\t\t\t<span class=\"elementor-button-text\">Entre em contato agora!<\/span>\n\t\t\t\t\t<\/span>\n\t\t\t\t\t<\/a>\n\t\t<\/div>\n\t\t\t\t<\/div>\n\t\t\t\t<\/div>\n\t\t\t\t<\/div>\n\t\t<div class=\"elementor-element elementor-element-dc9731e e-flex e-con-boxed wpr-particle-no wpr-jarallax-no wpr-parallax-no wpr-sticky-section-no e-con e-parent\" data-id=\"dc9731e\" data-element_type=\"container\" id=\"representada\" data-settings=\"{&quot;background_background&quot;:&quot;classic&quot;,&quot;_ha_eqh_enable&quot;:false}\">\n\t\t\t\t\t<div class=\"e-con-inner\">\n\t\t\t\t<div class=\"elementor-element elementor-element-3c43565 elementor-widget elementor-widget-heading\" data-id=\"3c43565\" data-element_type=\"widget\" data-widget_type=\"heading.default\">\n\t\t\t\t<div class=\"elementor-widget-container\">\n\t\t\t<h2 class=\"elementor-heading-title elementor-size-default\">Nossas Representadas<\/h2>\t\t<\/div>\n\t\t\t\t<\/div>\n\t\t\t\t<div class=\"elementor-element elementor-element-bd328eb gallery-spacing-custom elementor-widget-mobile__width-initial elementor-widget elementor-widget-image-gallery\" data-id=\"bd328eb\" data-element_type=\"widget\" data-widget_type=\"image-gallery.default\">\n\t\t\t\t<div class=\"elementor-widget-container\">\n\t\t\t\t\t<div class=\"elementor-image-gallery\">\n\t\t\t<div id='gallery-1' class='gallery galleryid-99 gallery-columns-4 gallery-size-medium'><figure class='gallery-item'>\n\t\t\t<div class='gallery-icon landscape'>\n\t\t\t\t<img decoding=\"async\" width=\"300\" height=\"159\" src=\"https:\/\/instrumentaconsult.com.br\/wp-content\/uploads\/2024\/10\/4.png\" class=\"attachment-medium size-medium\" alt=\"\" \/>\n\t\t\t<\/div><\/figure><figure class='gallery-item'>\n\t\t\t<div class='gallery-icon landscape'>\n\t\t\t\t<img decoding=\"async\" width=\"300\" height=\"159\" src=\"https:\/\/instrumentaconsult.com.br\/wp-content\/uploads\/2024\/10\/1.png\" class=\"attachment-medium size-medium\" alt=\"\" \/>\n\t\t\t<\/div><\/figure><figure class='gallery-item'>\n\t\t\t<div class='gallery-icon landscape'>\n\t\t\t\t<img decoding=\"async\" width=\"300\" height=\"159\" src=\"https:\/\/instrumentaconsult.com.br\/wp-content\/uploads\/2024\/10\/2.png\" class=\"attachment-medium size-medium\" alt=\"\" \/>\n\t\t\t<\/div><\/figure><figure class='gallery-item'>\n\t\t\t<div class='gallery-icon landscape'>\n\t\t\t\t<img loading=\"lazy\" decoding=\"async\" width=\"300\" height=\"159\" src=\"https:\/\/instrumentaconsult.com.br\/wp-content\/uploads\/2024\/10\/3.png\" class=\"attachment-medium size-medium\" alt=\"\" \/>\n\t\t\t<\/div><\/figure>\n\t\t<\/div>\n\t\t<\/div>\n\t\t\t\t<\/div>\n\t\t\t\t<\/div>\n\t\t\t\t\t<\/div>\n\t\t\t\t<\/div>\n\t\t<div class=\"elementor-element elementor-element-a59e52b e-flex e-con-boxed wpr-particle-no wpr-jarallax-no wpr-parallax-no wpr-sticky-section-no e-con e-parent\" data-id=\"a59e52b\" data-element_type=\"container\" id=\"quemsomos\" data-settings=\"{&quot;background_background&quot;:&quot;classic&quot;,&quot;_ha_eqh_enable&quot;:false}\">\n\t\t\t\t\t<div class=\"e-con-inner\">\n\t\t<div class=\"elementor-element elementor-element-6e0cc84 e-con-full e-flex wpr-particle-no wpr-jarallax-no wpr-parallax-no wpr-sticky-section-no e-con e-child\" data-id=\"6e0cc84\" data-element_type=\"container\" data-settings=\"{&quot;_ha_eqh_enable&quot;:false}\">\n\t\t\t\t<div class=\"elementor-element elementor-element-a47a313 elementor-widget elementor-widget-heading\" data-id=\"a47a313\" data-element_type=\"widget\" data-widget_type=\"heading.default\">\n\t\t\t\t<div class=\"elementor-widget-container\">\n\t\t\t<h2 class=\"elementor-heading-title elementor-size-default\">Quem Somos<\/h2>\t\t<\/div>\n\t\t\t\t<\/div>\n\t\t\t\t<div class=\"elementor-element elementor-element-9252a44 elementor-widget elementor-widget-text-editor\" data-id=\"9252a44\" data-element_type=\"widget\" data-widget_type=\"text-editor.default\">\n\t\t\t\t<div class=\"elementor-widget-container\">\n\t\t\t\t\t\t\t<p>A Instrumenta \u00e9 uma empresa fundada em 2023, focada em atender o exigente mercado de instrumenta\u00e7\u00e3o anal\u00edtica, desde o projeto uma nova planta, fornecimento de equipamentos e consum\u00edveis de laborat\u00f3rio;<br><br>\u00c1reas de especializa\u00e7\u00e3o:<br>Representa\u00e7\u00e3o de empresas l\u00edderes nos mercados de Instrumentos anal\u00edticos e de Ci\u00eancias da Vida;<br>Desenvolvimento e execu\u00e7\u00e3o de projetos de engenharia de laborat\u00f3rios, incluindo m\u00f3veis, capelas, linhas de gases, \u00e1reas limpas\/classificadas e sistemas de climatiza\u00e7\u00e3o (HVAC);<br><br>S\u00f3cios com mais de 30 anos de experi\u00eancia em cargos executivos em empresas de instrumenta\u00e7\u00e3o como: PerkinElmer, Waters, Thermo Fisher, Shimadzu, Agilent, Varian, Merck-Hitachi e no segmento de m\u00f3veis para laborat\u00f3rios. <br><br>Atendemos todo Brasil com sede em Campinas (SP) e representantes de vendas no Vale do Para\u00edba (SP) e Belo Horizonte (MG).<\/p>\t\t\t\t\t\t<\/div>\n\t\t\t\t<\/div>\n\t\t\t\t<\/div>\n\t\t<div class=\"elementor-element elementor-element-a12ce4b e-con-full e-flex wpr-particle-no wpr-jarallax-no wpr-parallax-no wpr-sticky-section-no e-con e-child\" data-id=\"a12ce4b\" data-element_type=\"container\" data-settings=\"{&quot;_ha_eqh_enable&quot;:false}\">\n\t\t\t\t<div class=\"elementor-element elementor-element-43c12cf elementor-widget elementor-widget-image\" data-id=\"43c12cf\" data-element_type=\"widget\" data-widget_type=\"image.default\">\n\t\t\t\t<div class=\"elementor-widget-container\">\n\t\t\t\t\t\t\t\t\t\t\t\t\t<img decoding=\"async\" src=\"https:\/\/instrumentaconsult.com.br\/wp-content\/uploads\/2024\/10\/Quem-Somos.webp\" title=\"Quem Somos\" alt=\"\" loading=\"lazy\" \/>\t\t\t\t\t\t\t\t\t\t\t\t\t<\/div>\n\t\t\t\t<\/div>\n\t\t\t\t<\/div>\n\t\t\t\t\t<\/div>\n\t\t\t\t<\/div>\n\t\t<div class=\"elementor-element elementor-element-f7660af e-flex e-con-boxed wpr-particle-no wpr-jarallax-no wpr-parallax-no wpr-sticky-section-no e-con e-parent\" data-id=\"f7660af\" data-element_type=\"container\" data-settings=\"{&quot;background_background&quot;:&quot;gradient&quot;,&quot;_ha_eqh_enable&quot;:false}\">\n\t\t\t\t\t<div class=\"e-con-inner\">\n\t\t\t\t<div class=\"elementor-element elementor-element-6208088 elementor-widget elementor-widget-heading\" data-id=\"6208088\" data-element_type=\"widget\" data-widget_type=\"heading.default\">\n\t\t\t\t<div class=\"elementor-widget-container\">\n\t\t\t<h2 class=\"elementor-heading-title elementor-size-default\">Atendemos todo Brasil<\/h2>\t\t<\/div>\n\t\t\t\t<\/div>\n\t\t\t\t<div class=\"elementor-element elementor-element-e193bc1 elementor-widget elementor-widget-text-editor\" data-id=\"e193bc1\" data-element_type=\"widget\" data-widget_type=\"text-editor.default\">\n\t\t\t\t<div class=\"elementor-widget-container\">\n\t\t\t\t\t\t\t<p>Com sede em Campinas (SP) e representantes de vendas no Vale do Para\u00edba (SP) e Belo Horizonte (MG).<\/p>\t\t\t\t\t\t<\/div>\n\t\t\t\t<\/div>\n\t\t\t\t\t<\/div>\n\t\t\t\t<\/div>\n\t\t<div class=\"elementor-element elementor-element-e460fd4 e-con-full e-flex wpr-particle-no wpr-jarallax-no wpr-parallax-no wpr-sticky-section-no e-con e-parent\" data-id=\"e460fd4\" data-element_type=\"container\" id=\"contato\" data-settings=\"{&quot;background_background&quot;:&quot;classic&quot;,&quot;_ha_eqh_enable&quot;:false}\">\n\t\t<div class=\"elementor-element elementor-element-ac198ab e-con-full e-flex wpr-particle-no wpr-jarallax-no wpr-parallax-no wpr-sticky-section-no e-con e-child\" data-id=\"ac198ab\" data-element_type=\"container\" data-settings=\"{&quot;_ha_eqh_enable&quot;:false}\">\n\t\t\t\t<div class=\"elementor-element elementor-element-2c60f4c elementor-widget__width-initial elementor-widget elementor-widget-image\" data-id=\"2c60f4c\" data-element_type=\"widget\" data-widget_type=\"image.default\">\n\t\t\t\t<div class=\"elementor-widget-container\">\n\t\t\t\t\t\t\t\t\t\t\t\t\t<img loading=\"lazy\" decoding=\"async\" width=\"300\" height=\"233\" src=\"https:\/\/instrumentaconsult.com.br\/wp-content\/uploads\/2024\/02\/Watermark-Big-e1708900906104-300x233.png\" class=\"attachment-medium size-medium wp-image-15\" alt=\"\" srcset=\"https:\/\/instrumentaconsult.com.br\/wp-content\/uploads\/2024\/02\/Watermark-Big-e1708900906104-300x233.png 300w, https:\/\/instrumentaconsult.com.br\/wp-content\/uploads\/2024\/02\/Watermark-Big-e1708900906104.png 458w\" sizes=\"(max-width: 300px) 100vw, 300px\" \/>\t\t\t\t\t\t\t\t\t\t\t\t\t<\/div>\n\t\t\t\t<\/div>\n\t\t\t\t<\/div>\n\t\t<div class=\"elementor-element elementor-element-9d31b17 e-con-full e-flex wpr-particle-no wpr-jarallax-no wpr-parallax-no wpr-sticky-section-no e-con e-child\" data-id=\"9d31b17\" data-element_type=\"container\" data-settings=\"{&quot;_ha_eqh_enable&quot;:false}\">\n\t\t\t\t<div class=\"elementor-element elementor-element-01ba17c elementor-widget elementor-widget-heading\" data-id=\"01ba17c\" data-element_type=\"widget\" data-widget_type=\"heading.default\">\n\t\t\t\t<div class=\"elementor-widget-container\">\n\t\t\t<h2 class=\"elementor-heading-title elementor-size-default\">Entre em contato!<\/h2>\t\t<\/div>\n\t\t\t\t<\/div>\n\t\t\t\t<div class=\"elementor-element elementor-element-4c8f19a elementor-widget elementor-widget-htmega-contactform-addons\" data-id=\"4c8f19a\" data-element_type=\"widget\" data-widget_type=\"htmega-contactform-addons.default\">\n\t\t\t\t<div class=\"elementor-widget-container\">\n\t\t\t            <div class=\"htmega-form-wrapper htmega-form-style-6\" >\n                \n<div class=\"wpcf7 no-js\" id=\"wpcf7-f16-o1\" lang=\"pt-BR\" dir=\"ltr\">\n<div class=\"screen-reader-response\"><p role=\"status\" aria-live=\"polite\" aria-atomic=\"true\"><\/p> <ul><\/ul><\/div>\n<form action=\"\/index.php\/wp-json\/wp\/v2\/pages\/99#wpcf7-f16-o1\" method=\"post\" class=\"wpcf7-form init\" aria-label=\"Formul\u00e1rios de contato\" novalidate=\"novalidate\" data-status=\"init\">\n<div style=\"display: none;\">\n<input type=\"hidden\" name=\"_wpcf7\" value=\"16\" \/>\n<input type=\"hidden\" name=\"_wpcf7_version\" value=\"5.9.8\" \/>\n<input type=\"hidden\" name=\"_wpcf7_locale\" value=\"pt_BR\" \/>\n<input type=\"hidden\" name=\"_wpcf7_unit_tag\" value=\"wpcf7-f16-o1\" \/>\n<input type=\"hidden\" name=\"_wpcf7_container_post\" value=\"0\" \/>\n<input type=\"hidden\" name=\"_wpcf7_posted_data_hash\" value=\"\" \/>\n<\/div>\n<p><span class=\"wpcf7-form-control-wrap\" data-name=\"seu-nome\"><input size=\"40\" maxlength=\"400\" class=\"wpcf7-form-control wpcf7-text\" aria-invalid=\"false\" placeholder=\"Seu Nome\" value=\"\" type=\"text\" name=\"seu-nome\" \/><\/span><br \/>\n<span class=\"wpcf7-form-control-wrap\" data-name=\"seu-email\"><input size=\"40\" maxlength=\"400\" class=\"wpcf7-form-control wpcf7-email wpcf7-validates-as-required wpcf7-text wpcf7-validates-as-email\" aria-required=\"true\" aria-invalid=\"false\" placeholder=\"Seu E-mail\" value=\"\" type=\"email\" name=\"seu-email\" \/><\/span><br \/>\n<span class=\"wpcf7-form-control-wrap\" data-name=\"sua-empresa\"><input size=\"40\" maxlength=\"400\" class=\"wpcf7-form-control wpcf7-text\" aria-invalid=\"false\" placeholder=\"Sua Empresa\" value=\"\" type=\"text\" name=\"sua-empresa\" \/><\/span><br \/>\n<span class=\"wpcf7-form-control-wrap\" data-name=\"mensagem\"><textarea cols=\"40\" rows=\"10\" maxlength=\"2000\" class=\"wpcf7-form-control wpcf7-textarea wpcf7-validates-as-required\" aria-required=\"true\" aria-invalid=\"false\" placeholder=\"Mensagem\" name=\"mensagem\"><\/textarea><\/span>\n<\/p>\n<p><input class=\"wpcf7-form-control wpcf7-submit has-spinner\" type=\"submit\" value=\"Enviar\" \/>\n<\/p><div class=\"wpcf7-response-output\" aria-hidden=\"true\"><\/div>\n<\/form>\n<\/div>\n            <\/div>\n\n        \t\t<\/div>\n\t\t\t\t<\/div>\n\t\t\t\t<\/div>\n\t\t\t\t<\/div>\n\t\t<div class=\"elementor-element elementor-element-47b0848 e-flex e-con-boxed wpr-particle-no wpr-jarallax-no wpr-parallax-no wpr-sticky-section-no e-con e-parent\" data-id=\"47b0848\" data-element_type=\"container\" data-settings=\"{&quot;background_background&quot;:&quot;classic&quot;,&quot;_ha_eqh_enable&quot;:false}\">\n\t\t\t\t\t<div class=\"e-con-inner\">\n\t\t<div class=\"elementor-element elementor-element-9e98ac6 e-con-full e-flex wpr-particle-no wpr-jarallax-no wpr-parallax-no wpr-sticky-section-no e-con e-child\" data-id=\"9e98ac6\" data-element_type=\"container\" data-settings=\"{&quot;_ha_eqh_enable&quot;:false}\">\n\t\t\t\t<div data-ha-element-link=\"{&quot;url&quot;:&quot;https:\\\/\\\/uesdesign.com.br\\\/&quot;,&quot;is_external&quot;:&quot;&quot;,&quot;nofollow&quot;:&quot;&quot;}\" style=\"cursor: pointer\" class=\"elementor-element elementor-element-17b0b2e elementor-widget elementor-widget-text-editor\" data-id=\"17b0b2e\" data-element_type=\"widget\" data-widget_type=\"text-editor.default\">\n\t\t\t\t<div class=\"elementor-widget-container\">\n\t\t\t\t\t\t\t<p>Feito com \ud83e\udde1 pela U\u00e9s Design<\/p>\t\t\t\t\t\t<\/div>\n\t\t\t\t<\/div>\n\t\t\t\t<\/div>\n\t\t<div class=\"elementor-element elementor-element-c8f45d7 e-con-full e-flex wpr-particle-no wpr-jarallax-no wpr-parallax-no wpr-sticky-section-no e-con e-child\" data-id=\"c8f45d7\" data-element_type=\"container\" data-settings=\"{&quot;_ha_eqh_enable&quot;:false}\">\n\t\t\t\t<div class=\"elementor-element elementor-element-0065bc5 elementor-widget elementor-widget-text-editor\" data-id=\"0065bc5\" data-element_type=\"widget\" data-widget_type=\"text-editor.default\">\n\t\t\t\t<div class=\"elementor-widget-container\">\n\t\t\t\t\t\t\t<p>Todos os direitos reservados<\/p>\t\t\t\t\t\t<\/div>\n\t\t\t\t<\/div>\n\t\t\t\t<\/div>\n\t\t\t\t\t<\/div>\n\t\t\t\t<\/div>\n\t\t\t\t<\/div>\n\t\t","protected":false},"excerpt":{"rendered":"<p>Uma empresa fundada em 2023, focada em atender o exigente mercado de Instrumenta\u00e7\u00e3o Anal\u00edtica desde o projeto uma nova planta, fornecimento de equipamentos e consum\u00edveis de laborat\u00f3rio. Entre em contato agora! Nossas Representadas Quem Somos A Instrumenta \u00e9 uma empresa fundada em 2023, focada em atender o exigente mercado de instrumenta\u00e7\u00e3o anal\u00edtica, desde o projeto uma nova planta, fornecimento de equipamentos e consum\u00edveis de laborat\u00f3rio; \u00c1reas de especializa\u00e7\u00e3o:Representa\u00e7\u00e3o de empresas l\u00edderes nos mercados de Instrumentos anal\u00edticos e de Ci\u00eancias da Vida;Desenvolvimento e execu\u00e7\u00e3o de projetos de engenharia de laborat\u00f3rios, incluindo m\u00f3veis, capelas, linhas de gases, \u00e1reas limpas\/classificadas e sistemas de climatiza\u00e7\u00e3o (HVAC); S\u00f3cios com mais de 30 anos de experi\u00eancia em cargos executivos em empresas de instrumenta\u00e7\u00e3o como: PerkinElmer, Waters, Thermo Fisher, Shimadzu, Agilent, Varian, Merck-Hitachi e no segmento de m\u00f3veis para laborat\u00f3rios. Atendemos todo Brasil com sede em Campinas (SP) e representantes de vendas no Vale do Para\u00edba (SP) e Belo Horizonte (MG). Atendemos todo Brasil Com sede em Campinas (SP) e representantes de vendas no Vale do Para\u00edba (SP) e Belo Horizonte (MG). Entre em contato! Feito com \ud83e\udde1 pela U\u00e9s Design Todos os direitos reservados<\/p>\n","protected":false},"author":1,"featured_media":0,"parent":0,"menu_order":0,"comment_status":"closed","ping_status":"closed","template":"elementor_header_footer","meta":{"footnotes":""},"class_list":["post-99","page","type-page","status-publish","hentry"],"_links":{"self":[{"href":"https:\/\/instrumentaconsult.com.br\/index.php\/wp-json\/wp\/v2\/pages\/99"}],"collection":[{"href":"https:\/\/instrumentaconsult.com.br\/index.php\/wp-json\/wp\/v2\/pages"}],"about":[{"href":"https:\/\/instrumentaconsult.com.br\/index.php\/wp-json\/wp\/v2\/types\/page"}],"author":[{"embeddable":true,"href":"https:\/\/instrumentaconsult.com.br\/index.php\/wp-json\/wp\/v2\/users\/1"}],"replies":[{"embeddable":true,"href":"https:\/\/instrumentaconsult.com.br\/index.php\/wp-json\/wp\/v2\/comments?post=99"}],"version-history":[{"count":97,"href":"https:\/\/instrumentaconsult.com.br\/index.php\/wp-json\/wp\/v2\/pages\/99\/revisions"}],"predecessor-version":[{"id":216,"href":"https:\/\/instrumentaconsult.com.br\/index.php\/wp-json\/wp\/v2\/pages\/99\/revisions\/216"}],"wp:attachment":[{"href":"https:\/\/instrumentaconsult.com.br\/index.php\/wp-json\/wp\/v2\/media?parent=99"}],"curies":[{"name":"wp","href":"https:\/\/api.w.org\/{rel}","templated":true}]}}